{"id":699,"date":"2026-01-07T15:06:31","date_gmt":"2026-01-07T15:06:31","guid":{"rendered":"https:\/\/staging.galbydermatech.ma\/?post_type=product&#038;p=699"},"modified":"2026-03-29T14:31:35","modified_gmt":"2026-03-29T14:31:35","slug":"serum-depigmentant-eclaircissant-uniskin","status":"publish","type":"product","link":"https:\/\/galbydermatech.ma\/?product=serum-depigmentant-eclaircissant-uniskin","title":{"rendered":"S\u00e9rum D\u00e9pigmentant Eclaircissant UNISKIN"},"content":{"rendered":"<p>S\u00e9rum D\u00e9pigmentant Eclaircissant UNISKIN de Galby Dermatech avec sa texture l\u00e9g\u00e8re et soyeuse pour tout type de peau , combine la technologie du microbiome avec des actifs d\u00e9pigmentants pour une action compl\u00e8te. Il unifie le teint pour r\u00e9v\u00e9ler une peau visiblement plus claire et lumineuse. Adoptez une routine de soin qui optimise votre \u00e9clat naturel tout en prot\u00e9geant votre peau.<\/p>\n<p><strong>INGR\u00c9DIENTS ACTIFS :<\/strong><br \/>\nVitamine C , Alpha-Arbutine , Acide glycolique , Acide salicylique , Niacinamide.<\/p>\n<p><strong>MODE D\u2019EMPLOI<\/strong><br \/>\nUtilisez le s\u00e9rum d\u00e9pigmentant soir sur une peau pr\u00e9alablement nettoy\u00e9e.<\/p>\n","protected":false},"excerpt":{"rendered":"<p>S\u00e9rum D\u00e9pigmentant Eclaircissant UNISKIN de Galby Dermatech avec sa texture l\u00e9g\u00e8re et soyeuse pour tout type de peau , combine la technologie du microbiome avec des actifs d\u00e9pigmentants pour une action compl\u00e8te. Il unifie le teint pour r\u00e9v\u00e9ler une peau visiblement plus claire et lumineuse. Adoptez une routine de soin qui optimise votre \u00e9clat naturel tout en prot\u00e9geant votre peau.<\/p>\n","protected":false},"featured_media":2053,"comment_status":"open","ping_status":"closed","template":"","meta":{"_acf_changed":false,"_bst_post_transparent":"default","_bst_post_title":"","_bst_post_layout":"default","_bst_post_sidebar_id":"","_bst_post_content_style":"default","_bst_post_vertical_padding":"default","_bst_post_feature":"","_bst_post_feature_position":"","_bst_post_header":false,"_bst_post_footer":false},"product_brand":[],"product_cat":[113,109],"product_tag":[87],"product_brands":[],"class_list":{"0":"post-699","1":"product","2":"type-product","3":"status-publish","4":"has-post-thumbnail","6":"product_cat-anti-hyperpigmentation","7":"product_cat-uniskin","8":"product_tag-uniskin","10":"first","11":"instock","12":"shipping-taxable","13":"purchasable","14":"product-type-simple","15":"entry","16":"content-bg","17":"loop-entry"},"acf":[],"yoast_head":"<!-- This site is optimized with the Yoast SEO plugin v27.2 - https:\/\/yoast.com\/product\/yoast-seo-wordpress\/ -->\n<title>S\u00e9rum D\u00e9pigmentant Eclaircissant UNISKIN - Galby Dermatech<\/title>\n<meta name=\"robots\" content=\"index, follow, max-snippet:-1, max-image-preview:large, max-video-preview:-1\" \/>\n<link rel=\"canonical\" href=\"https:\/\/galbydermatech.ma\/?product=serum-depigmentant-eclaircissant-uniskin\" \/>\n<meta property=\"og:locale\" content=\"fr_FR\" \/>\n<meta property=\"og:type\" content=\"article\" \/>\n<meta property=\"og:title\" content=\"S\u00e9rum D\u00e9pigmentant Eclaircissant UNISKIN - Galby Dermatech\" \/>\n<meta property=\"og:description\" content=\"S\u00e9rum D\u00e9pigmentant Eclaircissant UNISKIN de Galby Dermatech avec sa texture l\u00e9g\u00e8re et soyeuse pour tout type de peau , combine la technologie du microbiome avec des actifs d\u00e9pigmentants pour une action compl\u00e8te. Il unifie le teint pour r\u00e9v\u00e9ler une peau visiblement plus claire et lumineuse. Adoptez une routine de soin qui optimise votre \u00e9clat naturel tout en prot\u00e9geant votre peau.\" \/>\n<meta property=\"og:url\" content=\"https:\/\/galbydermatech.ma\/?product=serum-depigmentant-eclaircissant-uniskin\" \/>\n<meta property=\"og:site_name\" content=\"Galby Dermatech\" \/>\n<meta property=\"article:publisher\" content=\"https:\/\/www.facebook.com\/galbydermatech\" \/>\n<meta property=\"article:modified_time\" content=\"2026-03-29T14:31:35+00:00\" \/>\n<meta property=\"og:image\" content=\"https:\/\/galbydermatech.ma\/wp-content\/uploads\/2026\/03\/Serum-Depigmentante-UNISKIN.png\" \/>\n\t<meta property=\"og:image:width\" content=\"1001\" \/>\n\t<meta property=\"og:image:height\" content=\"1001\" \/>\n\t<meta property=\"og:image:type\" content=\"image\/png\" \/>\n<meta name=\"twitter:card\" content=\"summary_large_image\" \/>\n<meta name=\"twitter:label1\" content=\"Dur\u00e9e de lecture estim\u00e9e\" \/>\n\t<meta name=\"twitter:data1\" content=\"1 minute\" \/>\n<script type=\"application\/ld+json\" class=\"yoast-schema-graph\">{\"@context\":\"https:\/\/schema.org\",\"@graph\":[{\"@type\":\"WebPage\",\"@id\":\"https:\/\/galbydermatech.ma\/?product=serum-depigmentant-eclaircissant-uniskin\",\"url\":\"https:\/\/galbydermatech.ma\/?product=serum-depigmentant-eclaircissant-uniskin\",\"name\":\"S\u00e9rum D\u00e9pigmentant Eclaircissant UNISKIN - Galby Dermatech\",\"isPartOf\":{\"@id\":\"https:\/\/galbydermatech.ma\/#website\"},\"primaryImageOfPage\":{\"@id\":\"https:\/\/galbydermatech.ma\/?product=serum-depigmentant-eclaircissant-uniskin#primaryimage\"},\"image\":{\"@id\":\"https:\/\/galbydermatech.ma\/?product=serum-depigmentant-eclaircissant-uniskin#primaryimage\"},\"thumbnailUrl\":\"https:\/\/galbydermatech.ma\/wp-content\/uploads\/2026\/03\/Serum-Depigmentante-UNISKIN.png\",\"datePublished\":\"2026-01-07T15:06:31+00:00\",\"dateModified\":\"2026-03-29T14:31:35+00:00\",\"breadcrumb\":{\"@id\":\"https:\/\/galbydermatech.ma\/?product=serum-depigmentant-eclaircissant-uniskin#breadcrumb\"},\"inLanguage\":\"fr-FR\",\"potentialAction\":[{\"@type\":\"ReadAction\",\"target\":[\"https:\/\/galbydermatech.ma\/?product=serum-depigmentant-eclaircissant-uniskin\"]}]},{\"@type\":\"ImageObject\",\"inLanguage\":\"fr-FR\",\"@id\":\"https:\/\/galbydermatech.ma\/?product=serum-depigmentant-eclaircissant-uniskin#primaryimage\",\"url\":\"https:\/\/galbydermatech.ma\/wp-content\/uploads\/2026\/03\/Serum-Depigmentante-UNISKIN.png\",\"contentUrl\":\"https:\/\/galbydermatech.ma\/wp-content\/uploads\/2026\/03\/Serum-Depigmentante-UNISKIN.png\",\"width\":1001,\"height\":1001},{\"@type\":\"BreadcrumbList\",\"@id\":\"https:\/\/galbydermatech.ma\/?product=serum-depigmentant-eclaircissant-uniskin#breadcrumb\",\"itemListElement\":[{\"@type\":\"ListItem\",\"position\":1,\"name\":\"Boutique\",\"item\":\"https:\/\/galbydermatech.ma\/?page_id=49\"},{\"@type\":\"ListItem\",\"position\":2,\"name\":\"UNISKIN\",\"item\":\"https:\/\/galbydermatech.ma\/?product_cat=uniskin\"},{\"@type\":\"ListItem\",\"position\":3,\"name\":\"S\u00e9rum D\u00e9pigmentant Eclaircissant UNISKIN\"}]},{\"@type\":\"WebSite\",\"@id\":\"https:\/\/galbydermatech.ma\/#website\",\"url\":\"https:\/\/galbydermatech.ma\/\",\"name\":\"Galby Dermatech\",\"description\":\"La Synergie Dermatech\",\"publisher\":{\"@id\":\"https:\/\/galbydermatech.ma\/#organization\"},\"potentialAction\":[{\"@type\":\"SearchAction\",\"target\":{\"@type\":\"EntryPoint\",\"urlTemplate\":\"https:\/\/galbydermatech.ma\/?s={search_term_string}\"},\"query-input\":{\"@type\":\"PropertyValueSpecification\",\"valueRequired\":true,\"valueName\":\"search_term_string\"}}],\"inLanguage\":\"fr-FR\"},{\"@type\":\"Organization\",\"@id\":\"https:\/\/galbydermatech.ma\/#organization\",\"name\":\"Galby Dermatech\",\"url\":\"https:\/\/galbydermatech.ma\/\",\"logo\":{\"@type\":\"ImageObject\",\"inLanguage\":\"fr-FR\",\"@id\":\"https:\/\/galbydermatech.ma\/#\/schema\/logo\/image\/\",\"url\":\"https:\/\/galbydermatech.ma\/wp-content\/uploads\/2026\/01\/LOGO-GALBY.svg\",\"contentUrl\":\"https:\/\/galbydermatech.ma\/wp-content\/uploads\/2026\/01\/LOGO-GALBY.svg\",\"width\":155,\"height\":50,\"caption\":\"Galby Dermatech\"},\"image\":{\"@id\":\"https:\/\/galbydermatech.ma\/#\/schema\/logo\/image\/\"},\"sameAs\":[\"https:\/\/www.facebook.com\/galbydermatech\",\"https:\/\/instagram.com\/galbydermatech\",\"https:\/\/tiktok.com\/@galbydermatech.ma\",\"https:\/\/www.youtube.com\/@galbydermatech\"]}]}<\/script>\n<!-- \/ Yoast SEO plugin. -->","yoast_head_json":{"title":"S\u00e9rum D\u00e9pigmentant Eclaircissant UNISKIN - Galby Dermatech","robots":{"index":"index","follow":"follow","max-snippet":"max-snippet:-1","max-image-preview":"max-image-preview:large","max-video-preview":"max-video-preview:-1"},"canonical":"https:\/\/galbydermatech.ma\/?product=serum-depigmentant-eclaircissant-uniskin","og_locale":"fr_FR","og_type":"article","og_title":"S\u00e9rum D\u00e9pigmentant Eclaircissant UNISKIN - Galby Dermatech","og_description":"S\u00e9rum D\u00e9pigmentant Eclaircissant UNISKIN de Galby Dermatech avec sa texture l\u00e9g\u00e8re et soyeuse pour tout type de peau , combine la technologie du microbiome avec des actifs d\u00e9pigmentants pour une action compl\u00e8te. Il unifie le teint pour r\u00e9v\u00e9ler une peau visiblement plus claire et lumineuse. Adoptez une routine de soin qui optimise votre \u00e9clat naturel tout en prot\u00e9geant votre peau.","og_url":"https:\/\/galbydermatech.ma\/?product=serum-depigmentant-eclaircissant-uniskin","og_site_name":"Galby Dermatech","article_publisher":"https:\/\/www.facebook.com\/galbydermatech","article_modified_time":"2026-03-29T14:31:35+00:00","og_image":[{"width":1001,"height":1001,"url":"https:\/\/galbydermatech.ma\/wp-content\/uploads\/2026\/03\/Serum-Depigmentante-UNISKIN.png","type":"image\/png"}],"twitter_card":"summary_large_image","twitter_misc":{"Dur\u00e9e de lecture estim\u00e9e":"1 minute"},"schema":{"@context":"https:\/\/schema.org","@graph":[{"@type":"WebPage","@id":"https:\/\/galbydermatech.ma\/?product=serum-depigmentant-eclaircissant-uniskin","url":"https:\/\/galbydermatech.ma\/?product=serum-depigmentant-eclaircissant-uniskin","name":"S\u00e9rum D\u00e9pigmentant Eclaircissant UNISKIN - Galby Dermatech","isPartOf":{"@id":"https:\/\/galbydermatech.ma\/#website"},"primaryImageOfPage":{"@id":"https:\/\/galbydermatech.ma\/?product=serum-depigmentant-eclaircissant-uniskin#primaryimage"},"image":{"@id":"https:\/\/galbydermatech.ma\/?product=serum-depigmentant-eclaircissant-uniskin#primaryimage"},"thumbnailUrl":"https:\/\/galbydermatech.ma\/wp-content\/uploads\/2026\/03\/Serum-Depigmentante-UNISKIN.png","datePublished":"2026-01-07T15:06:31+00:00","dateModified":"2026-03-29T14:31:35+00:00","breadcrumb":{"@id":"https:\/\/galbydermatech.ma\/?product=serum-depigmentant-eclaircissant-uniskin#breadcrumb"},"inLanguage":"fr-FR","potentialAction":[{"@type":"ReadAction","target":["https:\/\/galbydermatech.ma\/?product=serum-depigmentant-eclaircissant-uniskin"]}]},{"@type":"ImageObject","inLanguage":"fr-FR","@id":"https:\/\/galbydermatech.ma\/?product=serum-depigmentant-eclaircissant-uniskin#primaryimage","url":"https:\/\/galbydermatech.ma\/wp-content\/uploads\/2026\/03\/Serum-Depigmentante-UNISKIN.png","contentUrl":"https:\/\/galbydermatech.ma\/wp-content\/uploads\/2026\/03\/Serum-Depigmentante-UNISKIN.png","width":1001,"height":1001},{"@type":"BreadcrumbList","@id":"https:\/\/galbydermatech.ma\/?product=serum-depigmentant-eclaircissant-uniskin#breadcrumb","itemListElement":[{"@type":"ListItem","position":1,"name":"Boutique","item":"https:\/\/galbydermatech.ma\/?page_id=49"},{"@type":"ListItem","position":2,"name":"UNISKIN","item":"https:\/\/galbydermatech.ma\/?product_cat=uniskin"},{"@type":"ListItem","position":3,"name":"S\u00e9rum D\u00e9pigmentant Eclaircissant UNISKIN"}]},{"@type":"WebSite","@id":"https:\/\/galbydermatech.ma\/#website","url":"https:\/\/galbydermatech.ma\/","name":"Galby Dermatech","description":"La Synergie Dermatech","publisher":{"@id":"https:\/\/galbydermatech.ma\/#organization"},"potentialAction":[{"@type":"SearchAction","target":{"@type":"EntryPoint","urlTemplate":"https:\/\/galbydermatech.ma\/?s={search_term_string}"},"query-input":{"@type":"PropertyValueSpecification","valueRequired":true,"valueName":"search_term_string"}}],"inLanguage":"fr-FR"},{"@type":"Organization","@id":"https:\/\/galbydermatech.ma\/#organization","name":"Galby Dermatech","url":"https:\/\/galbydermatech.ma\/","logo":{"@type":"ImageObject","inLanguage":"fr-FR","@id":"https:\/\/galbydermatech.ma\/#\/schema\/logo\/image\/","url":"https:\/\/galbydermatech.ma\/wp-content\/uploads\/2026\/01\/LOGO-GALBY.svg","contentUrl":"https:\/\/galbydermatech.ma\/wp-content\/uploads\/2026\/01\/LOGO-GALBY.svg","width":155,"height":50,"caption":"Galby Dermatech"},"image":{"@id":"https:\/\/galbydermatech.ma\/#\/schema\/logo\/image\/"},"sameAs":["https:\/\/www.facebook.com\/galbydermatech","https:\/\/instagram.com\/galbydermatech","https:\/\/tiktok.com\/@galbydermatech.ma","https:\/\/www.youtube.com\/@galbydermatech"]}]}},"_links":{"self":[{"href":"https:\/\/galbydermatech.ma\/index.php?rest_route=\/wp\/v2\/product\/699","targetHints":{"allow":["GET"]}}],"collection":[{"href":"https:\/\/galbydermatech.ma\/index.php?rest_route=\/wp\/v2\/product"}],"about":[{"href":"https:\/\/galbydermatech.ma\/index.php?rest_route=\/wp\/v2\/types\/product"}],"replies":[{"embeddable":true,"href":"https:\/\/galbydermatech.ma\/index.php?rest_route=%2Fwp%2Fv2%2Fcomments&post=699"}],"wp:featuredmedia":[{"embeddable":true,"href":"https:\/\/galbydermatech.ma\/index.php?rest_route=\/wp\/v2\/media\/2053"}],"wp:attachment":[{"href":"https:\/\/galbydermatech.ma\/index.php?rest_route=%2Fwp%2Fv2%2Fmedia&parent=699"}],"wp:term":[{"taxonomy":"product_brand","embeddable":true,"href":"https:\/\/galbydermatech.ma\/index.php?rest_route=%2Fwp%2Fv2%2Fproduct_brand&post=699"},{"taxonomy":"product_cat","embeddable":true,"href":"https:\/\/galbydermatech.ma\/index.php?rest_route=%2Fwp%2Fv2%2Fproduct_cat&post=699"},{"taxonomy":"product_tag","embeddable":true,"href":"https:\/\/galbydermatech.ma\/index.php?rest_route=%2Fwp%2Fv2%2Fproduct_tag&post=699"},{"taxonomy":"product_brands","embeddable":true,"href":"https:\/\/galbydermatech.ma\/index.php?rest_route=%2Fwp%2Fv2%2Fproduct_brands&post=699"}],"curies":[{"name":"wp","href":"https:\/\/api.w.org\/{rel}","templated":true}]}}