{"id":704,"date":"2026-01-07T15:06:32","date_gmt":"2026-01-07T15:06:32","guid":{"rendered":"https:\/\/staging.galbydermatech.ma\/?post_type=product&#038;p=704"},"modified":"2026-03-29T14:24:45","modified_gmt":"2026-03-29T14:24:45","slug":"creme-solaire-invisible-spf50-matiskin","status":"publish","type":"product","link":"https:\/\/galbydermatech.ma\/?product=creme-solaire-invisible-spf50-matiskin","title":{"rendered":"Cr\u00e8me Solaire Invisible SPF50+ MATISKIN"},"content":{"rendered":"<p>Cr\u00e8me Solaire Invisible SPF50+ MATISKIN de Galby Dermatech l\u00e9g\u00e8re est formul\u00e9e pour prot\u00e9ger les peaux grasses \u00e0 mixtes contre les dommages caus\u00e9s par les rayons UV tout en r\u00e9gulant l&rsquo;exc\u00e8s de s\u00e9bum et en am\u00e9liorant la qualit\u00e9 de la peau.<\/p>\n<p><strong>INGR\u00c9DIENTS ACTIFS :<\/strong><br \/>\nXylitol , Amidon de mais , filtre min\u00e9ral SPF 50 contre les rayons UV.<\/p>\n<p><strong>MODE D\u2019EMPLOI<\/strong><br \/>\nAppliquez une couche uniforme de la cr\u00e8me solaire Galby matiskin sur le visage et le cou , 15 minutes avant l&rsquo;exposition au soleil, r\u00e9p\u00e9tez chaque 2h ou apr\u00e8s chaque baignade ou plus souvent en cas de transpiration.<\/p>\n","protected":false},"excerpt":{"rendered":"<p>Cr\u00e8me Solaire Invisible SPF50+ MATISKIN de Galby Dermatech l\u00e9g\u00e8re est formul\u00e9e pour prot\u00e9ger les peaux grasses \u00e0 mixtes contre les dommages caus\u00e9s par les rayons UV tout en r\u00e9gulant l&rsquo;exc\u00e8s de s\u00e9bum et en am\u00e9liorant la qualit\u00e9 de la peau.<\/p>\n","protected":false},"featured_media":2049,"comment_status":"open","ping_status":"closed","template":"","meta":{"_acf_changed":false,"_bst_post_transparent":"default","_bst_post_title":"","_bst_post_layout":"default","_bst_post_sidebar_id":"","_bst_post_content_style":"default","_bst_post_vertical_padding":"default","_bst_post_feature":"","_bst_post_feature_position":"","_bst_post_header":false,"_bst_post_footer":false},"product_brand":[],"product_cat":[110,116],"product_tag":[95],"product_brands":[],"class_list":{"0":"post-704","1":"product","2":"type-product","3":"status-publish","4":"has-post-thumbnail","6":"product_cat-matiskin","7":"product_cat-protection-solaire","8":"product_tag-matiskin","10":"first","11":"instock","12":"shipping-taxable","13":"purchasable","14":"product-type-simple","15":"entry","16":"content-bg","17":"loop-entry"},"acf":[],"yoast_head":"<!-- This site is optimized with the Yoast SEO plugin v27.2 - https:\/\/yoast.com\/product\/yoast-seo-wordpress\/ -->\n<title>Cr\u00e8me Solaire Invisible SPF50+ MATISKIN - Galby Dermatech<\/title>\n<meta name=\"robots\" content=\"index, follow, max-snippet:-1, max-image-preview:large, max-video-preview:-1\" \/>\n<link rel=\"canonical\" href=\"https:\/\/galbydermatech.ma\/?product=creme-solaire-invisible-spf50-matiskin\" \/>\n<meta property=\"og:locale\" content=\"fr_FR\" \/>\n<meta property=\"og:type\" content=\"article\" \/>\n<meta property=\"og:title\" content=\"Cr\u00e8me Solaire Invisible SPF50+ MATISKIN - Galby Dermatech\" \/>\n<meta property=\"og:description\" content=\"Cr\u00e8me Solaire Invisible SPF50+ MATISKIN de Galby Dermatech l\u00e9g\u00e8re est formul\u00e9e pour prot\u00e9ger les peaux grasses \u00e0 mixtes contre les dommages caus\u00e9s par les rayons UV tout en r\u00e9gulant l&#039;exc\u00e8s de s\u00e9bum et en am\u00e9liorant la qualit\u00e9 de la peau.\" \/>\n<meta property=\"og:url\" content=\"https:\/\/galbydermatech.ma\/?product=creme-solaire-invisible-spf50-matiskin\" \/>\n<meta property=\"og:site_name\" content=\"Galby Dermatech\" \/>\n<meta property=\"article:publisher\" content=\"https:\/\/www.facebook.com\/galbydermatech\" \/>\n<meta property=\"article:modified_time\" content=\"2026-03-29T14:24:45+00:00\" \/>\n<meta property=\"og:image\" content=\"https:\/\/galbydermatech.ma\/wp-content\/uploads\/2026\/03\/Creme-Solaire-Invisible-MATISKIN.png\" \/>\n\t<meta property=\"og:image:width\" content=\"1001\" \/>\n\t<meta property=\"og:image:height\" content=\"1001\" \/>\n\t<meta property=\"og:image:type\" content=\"image\/png\" \/>\n<meta name=\"twitter:card\" content=\"summary_large_image\" \/>\n<meta name=\"twitter:label1\" content=\"Dur\u00e9e de lecture estim\u00e9e\" \/>\n\t<meta name=\"twitter:data1\" content=\"1 minute\" \/>\n<script type=\"application\/ld+json\" class=\"yoast-schema-graph\">{\"@context\":\"https:\/\/schema.org\",\"@graph\":[{\"@type\":\"WebPage\",\"@id\":\"https:\/\/galbydermatech.ma\/?product=creme-solaire-invisible-spf50-matiskin\",\"url\":\"https:\/\/galbydermatech.ma\/?product=creme-solaire-invisible-spf50-matiskin\",\"name\":\"Cr\u00e8me Solaire Invisible SPF50+ MATISKIN - Galby Dermatech\",\"isPartOf\":{\"@id\":\"https:\/\/galbydermatech.ma\/#website\"},\"primaryImageOfPage\":{\"@id\":\"https:\/\/galbydermatech.ma\/?product=creme-solaire-invisible-spf50-matiskin#primaryimage\"},\"image\":{\"@id\":\"https:\/\/galbydermatech.ma\/?product=creme-solaire-invisible-spf50-matiskin#primaryimage\"},\"thumbnailUrl\":\"https:\/\/galbydermatech.ma\/wp-content\/uploads\/2026\/03\/Creme-Solaire-Invisible-MATISKIN.png\",\"datePublished\":\"2026-01-07T15:06:32+00:00\",\"dateModified\":\"2026-03-29T14:24:45+00:00\",\"breadcrumb\":{\"@id\":\"https:\/\/galbydermatech.ma\/?product=creme-solaire-invisible-spf50-matiskin#breadcrumb\"},\"inLanguage\":\"fr-FR\",\"potentialAction\":[{\"@type\":\"ReadAction\",\"target\":[\"https:\/\/galbydermatech.ma\/?product=creme-solaire-invisible-spf50-matiskin\"]}]},{\"@type\":\"ImageObject\",\"inLanguage\":\"fr-FR\",\"@id\":\"https:\/\/galbydermatech.ma\/?product=creme-solaire-invisible-spf50-matiskin#primaryimage\",\"url\":\"https:\/\/galbydermatech.ma\/wp-content\/uploads\/2026\/03\/Creme-Solaire-Invisible-MATISKIN.png\",\"contentUrl\":\"https:\/\/galbydermatech.ma\/wp-content\/uploads\/2026\/03\/Creme-Solaire-Invisible-MATISKIN.png\",\"width\":1001,\"height\":1001},{\"@type\":\"BreadcrumbList\",\"@id\":\"https:\/\/galbydermatech.ma\/?product=creme-solaire-invisible-spf50-matiskin#breadcrumb\",\"itemListElement\":[{\"@type\":\"ListItem\",\"position\":1,\"name\":\"Boutique\",\"item\":\"https:\/\/galbydermatech.ma\/?page_id=49\"},{\"@type\":\"ListItem\",\"position\":2,\"name\":\"MATISKIN\",\"item\":\"https:\/\/galbydermatech.ma\/?product_cat=matiskin\"},{\"@type\":\"ListItem\",\"position\":3,\"name\":\"Cr\u00e8me Solaire Invisible SPF50+ MATISKIN\"}]},{\"@type\":\"WebSite\",\"@id\":\"https:\/\/galbydermatech.ma\/#website\",\"url\":\"https:\/\/galbydermatech.ma\/\",\"name\":\"Galby Dermatech\",\"description\":\"La Synergie Dermatech\",\"publisher\":{\"@id\":\"https:\/\/galbydermatech.ma\/#organization\"},\"potentialAction\":[{\"@type\":\"SearchAction\",\"target\":{\"@type\":\"EntryPoint\",\"urlTemplate\":\"https:\/\/galbydermatech.ma\/?s={search_term_string}\"},\"query-input\":{\"@type\":\"PropertyValueSpecification\",\"valueRequired\":true,\"valueName\":\"search_term_string\"}}],\"inLanguage\":\"fr-FR\"},{\"@type\":\"Organization\",\"@id\":\"https:\/\/galbydermatech.ma\/#organization\",\"name\":\"Galby Dermatech\",\"url\":\"https:\/\/galbydermatech.ma\/\",\"logo\":{\"@type\":\"ImageObject\",\"inLanguage\":\"fr-FR\",\"@id\":\"https:\/\/galbydermatech.ma\/#\/schema\/logo\/image\/\",\"url\":\"https:\/\/galbydermatech.ma\/wp-content\/uploads\/2026\/01\/LOGO-GALBY.svg\",\"contentUrl\":\"https:\/\/galbydermatech.ma\/wp-content\/uploads\/2026\/01\/LOGO-GALBY.svg\",\"width\":155,\"height\":50,\"caption\":\"Galby Dermatech\"},\"image\":{\"@id\":\"https:\/\/galbydermatech.ma\/#\/schema\/logo\/image\/\"},\"sameAs\":[\"https:\/\/www.facebook.com\/galbydermatech\",\"https:\/\/instagram.com\/galbydermatech\",\"https:\/\/tiktok.com\/@galbydermatech.ma\",\"https:\/\/www.youtube.com\/@galbydermatech\"]}]}<\/script>\n<!-- \/ Yoast SEO plugin. -->","yoast_head_json":{"title":"Cr\u00e8me Solaire Invisible SPF50+ MATISKIN - Galby Dermatech","robots":{"index":"index","follow":"follow","max-snippet":"max-snippet:-1","max-image-preview":"max-image-preview:large","max-video-preview":"max-video-preview:-1"},"canonical":"https:\/\/galbydermatech.ma\/?product=creme-solaire-invisible-spf50-matiskin","og_locale":"fr_FR","og_type":"article","og_title":"Cr\u00e8me Solaire Invisible SPF50+ MATISKIN - Galby Dermatech","og_description":"Cr\u00e8me Solaire Invisible SPF50+ MATISKIN de Galby Dermatech l\u00e9g\u00e8re est formul\u00e9e pour prot\u00e9ger les peaux grasses \u00e0 mixtes contre les dommages caus\u00e9s par les rayons UV tout en r\u00e9gulant l'exc\u00e8s de s\u00e9bum et en am\u00e9liorant la qualit\u00e9 de la peau.","og_url":"https:\/\/galbydermatech.ma\/?product=creme-solaire-invisible-spf50-matiskin","og_site_name":"Galby Dermatech","article_publisher":"https:\/\/www.facebook.com\/galbydermatech","article_modified_time":"2026-03-29T14:24:45+00:00","og_image":[{"width":1001,"height":1001,"url":"https:\/\/galbydermatech.ma\/wp-content\/uploads\/2026\/03\/Creme-Solaire-Invisible-MATISKIN.png","type":"image\/png"}],"twitter_card":"summary_large_image","twitter_misc":{"Dur\u00e9e de lecture estim\u00e9e":"1 minute"},"schema":{"@context":"https:\/\/schema.org","@graph":[{"@type":"WebPage","@id":"https:\/\/galbydermatech.ma\/?product=creme-solaire-invisible-spf50-matiskin","url":"https:\/\/galbydermatech.ma\/?product=creme-solaire-invisible-spf50-matiskin","name":"Cr\u00e8me Solaire Invisible SPF50+ MATISKIN - Galby Dermatech","isPartOf":{"@id":"https:\/\/galbydermatech.ma\/#website"},"primaryImageOfPage":{"@id":"https:\/\/galbydermatech.ma\/?product=creme-solaire-invisible-spf50-matiskin#primaryimage"},"image":{"@id":"https:\/\/galbydermatech.ma\/?product=creme-solaire-invisible-spf50-matiskin#primaryimage"},"thumbnailUrl":"https:\/\/galbydermatech.ma\/wp-content\/uploads\/2026\/03\/Creme-Solaire-Invisible-MATISKIN.png","datePublished":"2026-01-07T15:06:32+00:00","dateModified":"2026-03-29T14:24:45+00:00","breadcrumb":{"@id":"https:\/\/galbydermatech.ma\/?product=creme-solaire-invisible-spf50-matiskin#breadcrumb"},"inLanguage":"fr-FR","potentialAction":[{"@type":"ReadAction","target":["https:\/\/galbydermatech.ma\/?product=creme-solaire-invisible-spf50-matiskin"]}]},{"@type":"ImageObject","inLanguage":"fr-FR","@id":"https:\/\/galbydermatech.ma\/?product=creme-solaire-invisible-spf50-matiskin#primaryimage","url":"https:\/\/galbydermatech.ma\/wp-content\/uploads\/2026\/03\/Creme-Solaire-Invisible-MATISKIN.png","contentUrl":"https:\/\/galbydermatech.ma\/wp-content\/uploads\/2026\/03\/Creme-Solaire-Invisible-MATISKIN.png","width":1001,"height":1001},{"@type":"BreadcrumbList","@id":"https:\/\/galbydermatech.ma\/?product=creme-solaire-invisible-spf50-matiskin#breadcrumb","itemListElement":[{"@type":"ListItem","position":1,"name":"Boutique","item":"https:\/\/galbydermatech.ma\/?page_id=49"},{"@type":"ListItem","position":2,"name":"MATISKIN","item":"https:\/\/galbydermatech.ma\/?product_cat=matiskin"},{"@type":"ListItem","position":3,"name":"Cr\u00e8me Solaire Invisible SPF50+ MATISKIN"}]},{"@type":"WebSite","@id":"https:\/\/galbydermatech.ma\/#website","url":"https:\/\/galbydermatech.ma\/","name":"Galby Dermatech","description":"La Synergie Dermatech","publisher":{"@id":"https:\/\/galbydermatech.ma\/#organization"},"potentialAction":[{"@type":"SearchAction","target":{"@type":"EntryPoint","urlTemplate":"https:\/\/galbydermatech.ma\/?s={search_term_string}"},"query-input":{"@type":"PropertyValueSpecification","valueRequired":true,"valueName":"search_term_string"}}],"inLanguage":"fr-FR"},{"@type":"Organization","@id":"https:\/\/galbydermatech.ma\/#organization","name":"Galby Dermatech","url":"https:\/\/galbydermatech.ma\/","logo":{"@type":"ImageObject","inLanguage":"fr-FR","@id":"https:\/\/galbydermatech.ma\/#\/schema\/logo\/image\/","url":"https:\/\/galbydermatech.ma\/wp-content\/uploads\/2026\/01\/LOGO-GALBY.svg","contentUrl":"https:\/\/galbydermatech.ma\/wp-content\/uploads\/2026\/01\/LOGO-GALBY.svg","width":155,"height":50,"caption":"Galby Dermatech"},"image":{"@id":"https:\/\/galbydermatech.ma\/#\/schema\/logo\/image\/"},"sameAs":["https:\/\/www.facebook.com\/galbydermatech","https:\/\/instagram.com\/galbydermatech","https:\/\/tiktok.com\/@galbydermatech.ma","https:\/\/www.youtube.com\/@galbydermatech"]}]}},"_links":{"self":[{"href":"https:\/\/galbydermatech.ma\/index.php?rest_route=\/wp\/v2\/product\/704","targetHints":{"allow":["GET"]}}],"collection":[{"href":"https:\/\/galbydermatech.ma\/index.php?rest_route=\/wp\/v2\/product"}],"about":[{"href":"https:\/\/galbydermatech.ma\/index.php?rest_route=\/wp\/v2\/types\/product"}],"replies":[{"embeddable":true,"href":"https:\/\/galbydermatech.ma\/index.php?rest_route=%2Fwp%2Fv2%2Fcomments&post=704"}],"wp:featuredmedia":[{"embeddable":true,"href":"https:\/\/galbydermatech.ma\/index.php?rest_route=\/wp\/v2\/media\/2049"}],"wp:attachment":[{"href":"https:\/\/galbydermatech.ma\/index.php?rest_route=%2Fwp%2Fv2%2Fmedia&parent=704"}],"wp:term":[{"taxonomy":"product_brand","embeddable":true,"href":"https:\/\/galbydermatech.ma\/index.php?rest_route=%2Fwp%2Fv2%2Fproduct_brand&post=704"},{"taxonomy":"product_cat","embeddable":true,"href":"https:\/\/galbydermatech.ma\/index.php?rest_route=%2Fwp%2Fv2%2Fproduct_cat&post=704"},{"taxonomy":"product_tag","embeddable":true,"href":"https:\/\/galbydermatech.ma\/index.php?rest_route=%2Fwp%2Fv2%2Fproduct_tag&post=704"},{"taxonomy":"product_brands","embeddable":true,"href":"https:\/\/galbydermatech.ma\/index.php?rest_route=%2Fwp%2Fv2%2Fproduct_brands&post=704"}],"curies":[{"name":"wp","href":"https:\/\/api.w.org\/{rel}","templated":true}]}}