{"id":706,"date":"2026-01-07T15:06:33","date_gmt":"2026-01-07T15:06:33","guid":{"rendered":"https:\/\/staging.galbydermatech.ma\/?post_type=product&#038;p=706"},"modified":"2026-03-29T14:09:13","modified_gmt":"2026-03-29T14:09:13","slug":"creme-hydratante-confort-absolu-hydraskin","status":"publish","type":"product","link":"https:\/\/galbydermatech.ma\/?product=creme-hydratante-confort-absolu-hydraskin","title":{"rendered":"Cr\u00e8me Hydratante Confort Absolu HYDRASKIN"},"content":{"rendered":"<p>Cr\u00e8me Hydratante Confort Absolu HYDRASKIN de Galby Dermatech nourrissante est sp\u00e9cialement formul\u00e9e pour les peaux s\u00e8ches qui n\u00e9cessitent une hydratation en profondeur et un confort durable. Gr\u00e2ce \u00e0 une combinaison avanc\u00e9e d\u2019ingr\u00e9dients hydratants et la technologie du microbiome, cette cr\u00e8me apporte une hydratation intense tout en renfor\u00e7ant la barri\u00e8re cutan\u00e9e et en pr\u00e9venant la d\u00e9shydratation.<\/p>\n<p><strong>INGR\u00c9DIENTS ACTIFS :<\/strong><br \/>\nAcide hyaluronique , Xylitol , Ecoskin , Betaine.<\/p>\n<p><strong>MODE D\u2019EMPLOI<\/strong><br \/>\nAppliquez la cr\u00e8me hydratante Galby hydraskin 2 fois par jour sur une peau pr\u00e9alablement nettoy\u00e9e.<\/p>\n","protected":false},"excerpt":{"rendered":"<p>Cr\u00e8me Hydratante Confort Absolu HYDRASKIN de Galby Dermatech nourrissante est sp\u00e9cialement formul\u00e9e pour les peaux s\u00e8ches qui n\u00e9cessitent une hydratation en profondeur et un confort durable. Gr\u00e2ce \u00e0 une combinaison avanc\u00e9e d\u2019ingr\u00e9dients hydratants et la technologie du microbiome, cette cr\u00e8me apporte une hydratation intense tout en renfor\u00e7ant la barri\u00e8re cutan\u00e9e et en pr\u00e9venant la d\u00e9shydratation.<\/p>\n","protected":false},"featured_media":2033,"comment_status":"open","ping_status":"closed","template":"","meta":{"_acf_changed":false,"_bst_post_transparent":"default","_bst_post_title":"","_bst_post_layout":"default","_bst_post_sidebar_id":"","_bst_post_content_style":"default","_bst_post_vertical_padding":"default","_bst_post_feature":"","_bst_post_feature_position":"","_bst_post_header":false,"_bst_post_footer":false},"product_brand":[],"product_cat":[111,117],"product_tag":[99],"product_brands":[],"class_list":{"0":"post-706","1":"product","2":"type-product","3":"status-publish","4":"has-post-thumbnail","6":"product_cat-hydraskin","7":"product_cat-hydratant-nourrissant","8":"product_tag-hydraskin","10":"first","11":"instock","12":"shipping-taxable","13":"purchasable","14":"product-type-simple","15":"entry","16":"content-bg","17":"loop-entry"},"acf":[],"yoast_head":"<!-- This site is optimized with the Yoast SEO plugin v27.2 - https:\/\/yoast.com\/product\/yoast-seo-wordpress\/ -->\n<title>Cr\u00e8me Hydratante Confort Absolu HYDRASKIN - Galby Dermatech<\/title>\n<meta name=\"robots\" content=\"index, follow, max-snippet:-1, max-image-preview:large, max-video-preview:-1\" \/>\n<link rel=\"canonical\" href=\"https:\/\/galbydermatech.ma\/?product=creme-hydratante-confort-absolu-hydraskin\" \/>\n<meta property=\"og:locale\" content=\"fr_FR\" \/>\n<meta property=\"og:type\" content=\"article\" \/>\n<meta property=\"og:title\" content=\"Cr\u00e8me Hydratante Confort Absolu HYDRASKIN - Galby Dermatech\" \/>\n<meta property=\"og:description\" content=\"Cr\u00e8me Hydratante Confort Absolu HYDRASKIN de Galby Dermatech nourrissante est sp\u00e9cialement formul\u00e9e pour les peaux s\u00e8ches qui n\u00e9cessitent une hydratation en profondeur et un confort durable. Gr\u00e2ce \u00e0 une combinaison avanc\u00e9e d\u2019ingr\u00e9dients hydratants et la technologie du microbiome, cette cr\u00e8me apporte une hydratation intense tout en renfor\u00e7ant la barri\u00e8re cutan\u00e9e et en pr\u00e9venant la d\u00e9shydratation.\" \/>\n<meta property=\"og:url\" content=\"https:\/\/galbydermatech.ma\/?product=creme-hydratante-confort-absolu-hydraskin\" \/>\n<meta property=\"og:site_name\" content=\"Galby Dermatech\" \/>\n<meta property=\"article:publisher\" content=\"https:\/\/www.facebook.com\/galbydermatech\" \/>\n<meta property=\"article:modified_time\" content=\"2026-03-29T14:09:13+00:00\" \/>\n<meta property=\"og:image\" content=\"https:\/\/galbydermatech.ma\/wp-content\/uploads\/2026\/03\/Creme-Hydratante-Confort-Absolu-HYDRASKIN.png\" \/>\n\t<meta property=\"og:image:width\" content=\"1001\" \/>\n\t<meta property=\"og:image:height\" content=\"1001\" \/>\n\t<meta property=\"og:image:type\" content=\"image\/png\" \/>\n<meta name=\"twitter:card\" content=\"summary_large_image\" \/>\n<meta name=\"twitter:label1\" content=\"Dur\u00e9e de lecture estim\u00e9e\" \/>\n\t<meta name=\"twitter:data1\" content=\"1 minute\" \/>\n<script type=\"application\/ld+json\" class=\"yoast-schema-graph\">{\"@context\":\"https:\/\/schema.org\",\"@graph\":[{\"@type\":\"WebPage\",\"@id\":\"https:\/\/galbydermatech.ma\/?product=creme-hydratante-confort-absolu-hydraskin\",\"url\":\"https:\/\/galbydermatech.ma\/?product=creme-hydratante-confort-absolu-hydraskin\",\"name\":\"Cr\u00e8me Hydratante Confort Absolu HYDRASKIN - Galby Dermatech\",\"isPartOf\":{\"@id\":\"https:\/\/galbydermatech.ma\/#website\"},\"primaryImageOfPage\":{\"@id\":\"https:\/\/galbydermatech.ma\/?product=creme-hydratante-confort-absolu-hydraskin#primaryimage\"},\"image\":{\"@id\":\"https:\/\/galbydermatech.ma\/?product=creme-hydratante-confort-absolu-hydraskin#primaryimage\"},\"thumbnailUrl\":\"https:\/\/galbydermatech.ma\/wp-content\/uploads\/2026\/03\/Creme-Hydratante-Confort-Absolu-HYDRASKIN.png\",\"datePublished\":\"2026-01-07T15:06:33+00:00\",\"dateModified\":\"2026-03-29T14:09:13+00:00\",\"breadcrumb\":{\"@id\":\"https:\/\/galbydermatech.ma\/?product=creme-hydratante-confort-absolu-hydraskin#breadcrumb\"},\"inLanguage\":\"fr-FR\",\"potentialAction\":[{\"@type\":\"ReadAction\",\"target\":[\"https:\/\/galbydermatech.ma\/?product=creme-hydratante-confort-absolu-hydraskin\"]}]},{\"@type\":\"ImageObject\",\"inLanguage\":\"fr-FR\",\"@id\":\"https:\/\/galbydermatech.ma\/?product=creme-hydratante-confort-absolu-hydraskin#primaryimage\",\"url\":\"https:\/\/galbydermatech.ma\/wp-content\/uploads\/2026\/03\/Creme-Hydratante-Confort-Absolu-HYDRASKIN.png\",\"contentUrl\":\"https:\/\/galbydermatech.ma\/wp-content\/uploads\/2026\/03\/Creme-Hydratante-Confort-Absolu-HYDRASKIN.png\",\"width\":1001,\"height\":1001},{\"@type\":\"BreadcrumbList\",\"@id\":\"https:\/\/galbydermatech.ma\/?product=creme-hydratante-confort-absolu-hydraskin#breadcrumb\",\"itemListElement\":[{\"@type\":\"ListItem\",\"position\":1,\"name\":\"Boutique\",\"item\":\"https:\/\/galbydermatech.ma\/?page_id=49\"},{\"@type\":\"ListItem\",\"position\":2,\"name\":\"HYDRASKIN\",\"item\":\"https:\/\/galbydermatech.ma\/?product_cat=hydraskin\"},{\"@type\":\"ListItem\",\"position\":3,\"name\":\"Cr\u00e8me Hydratante Confort Absolu HYDRASKIN\"}]},{\"@type\":\"WebSite\",\"@id\":\"https:\/\/galbydermatech.ma\/#website\",\"url\":\"https:\/\/galbydermatech.ma\/\",\"name\":\"Galby Dermatech\",\"description\":\"La Synergie Dermatech\",\"publisher\":{\"@id\":\"https:\/\/galbydermatech.ma\/#organization\"},\"potentialAction\":[{\"@type\":\"SearchAction\",\"target\":{\"@type\":\"EntryPoint\",\"urlTemplate\":\"https:\/\/galbydermatech.ma\/?s={search_term_string}\"},\"query-input\":{\"@type\":\"PropertyValueSpecification\",\"valueRequired\":true,\"valueName\":\"search_term_string\"}}],\"inLanguage\":\"fr-FR\"},{\"@type\":\"Organization\",\"@id\":\"https:\/\/galbydermatech.ma\/#organization\",\"name\":\"Galby Dermatech\",\"url\":\"https:\/\/galbydermatech.ma\/\",\"logo\":{\"@type\":\"ImageObject\",\"inLanguage\":\"fr-FR\",\"@id\":\"https:\/\/galbydermatech.ma\/#\/schema\/logo\/image\/\",\"url\":\"https:\/\/galbydermatech.ma\/wp-content\/uploads\/2026\/01\/LOGO-GALBY.svg\",\"contentUrl\":\"https:\/\/galbydermatech.ma\/wp-content\/uploads\/2026\/01\/LOGO-GALBY.svg\",\"width\":155,\"height\":50,\"caption\":\"Galby Dermatech\"},\"image\":{\"@id\":\"https:\/\/galbydermatech.ma\/#\/schema\/logo\/image\/\"},\"sameAs\":[\"https:\/\/www.facebook.com\/galbydermatech\",\"https:\/\/instagram.com\/galbydermatech\",\"https:\/\/tiktok.com\/@galbydermatech.ma\",\"https:\/\/www.youtube.com\/@galbydermatech\"]}]}<\/script>\n<!-- \/ Yoast SEO plugin. -->","yoast_head_json":{"title":"Cr\u00e8me Hydratante Confort Absolu HYDRASKIN - Galby Dermatech","robots":{"index":"index","follow":"follow","max-snippet":"max-snippet:-1","max-image-preview":"max-image-preview:large","max-video-preview":"max-video-preview:-1"},"canonical":"https:\/\/galbydermatech.ma\/?product=creme-hydratante-confort-absolu-hydraskin","og_locale":"fr_FR","og_type":"article","og_title":"Cr\u00e8me Hydratante Confort Absolu HYDRASKIN - Galby Dermatech","og_description":"Cr\u00e8me Hydratante Confort Absolu HYDRASKIN de Galby Dermatech nourrissante est sp\u00e9cialement formul\u00e9e pour les peaux s\u00e8ches qui n\u00e9cessitent une hydratation en profondeur et un confort durable. Gr\u00e2ce \u00e0 une combinaison avanc\u00e9e d\u2019ingr\u00e9dients hydratants et la technologie du microbiome, cette cr\u00e8me apporte une hydratation intense tout en renfor\u00e7ant la barri\u00e8re cutan\u00e9e et en pr\u00e9venant la d\u00e9shydratation.","og_url":"https:\/\/galbydermatech.ma\/?product=creme-hydratante-confort-absolu-hydraskin","og_site_name":"Galby Dermatech","article_publisher":"https:\/\/www.facebook.com\/galbydermatech","article_modified_time":"2026-03-29T14:09:13+00:00","og_image":[{"width":1001,"height":1001,"url":"https:\/\/galbydermatech.ma\/wp-content\/uploads\/2026\/03\/Creme-Hydratante-Confort-Absolu-HYDRASKIN.png","type":"image\/png"}],"twitter_card":"summary_large_image","twitter_misc":{"Dur\u00e9e de lecture estim\u00e9e":"1 minute"},"schema":{"@context":"https:\/\/schema.org","@graph":[{"@type":"WebPage","@id":"https:\/\/galbydermatech.ma\/?product=creme-hydratante-confort-absolu-hydraskin","url":"https:\/\/galbydermatech.ma\/?product=creme-hydratante-confort-absolu-hydraskin","name":"Cr\u00e8me Hydratante Confort Absolu HYDRASKIN - Galby Dermatech","isPartOf":{"@id":"https:\/\/galbydermatech.ma\/#website"},"primaryImageOfPage":{"@id":"https:\/\/galbydermatech.ma\/?product=creme-hydratante-confort-absolu-hydraskin#primaryimage"},"image":{"@id":"https:\/\/galbydermatech.ma\/?product=creme-hydratante-confort-absolu-hydraskin#primaryimage"},"thumbnailUrl":"https:\/\/galbydermatech.ma\/wp-content\/uploads\/2026\/03\/Creme-Hydratante-Confort-Absolu-HYDRASKIN.png","datePublished":"2026-01-07T15:06:33+00:00","dateModified":"2026-03-29T14:09:13+00:00","breadcrumb":{"@id":"https:\/\/galbydermatech.ma\/?product=creme-hydratante-confort-absolu-hydraskin#breadcrumb"},"inLanguage":"fr-FR","potentialAction":[{"@type":"ReadAction","target":["https:\/\/galbydermatech.ma\/?product=creme-hydratante-confort-absolu-hydraskin"]}]},{"@type":"ImageObject","inLanguage":"fr-FR","@id":"https:\/\/galbydermatech.ma\/?product=creme-hydratante-confort-absolu-hydraskin#primaryimage","url":"https:\/\/galbydermatech.ma\/wp-content\/uploads\/2026\/03\/Creme-Hydratante-Confort-Absolu-HYDRASKIN.png","contentUrl":"https:\/\/galbydermatech.ma\/wp-content\/uploads\/2026\/03\/Creme-Hydratante-Confort-Absolu-HYDRASKIN.png","width":1001,"height":1001},{"@type":"BreadcrumbList","@id":"https:\/\/galbydermatech.ma\/?product=creme-hydratante-confort-absolu-hydraskin#breadcrumb","itemListElement":[{"@type":"ListItem","position":1,"name":"Boutique","item":"https:\/\/galbydermatech.ma\/?page_id=49"},{"@type":"ListItem","position":2,"name":"HYDRASKIN","item":"https:\/\/galbydermatech.ma\/?product_cat=hydraskin"},{"@type":"ListItem","position":3,"name":"Cr\u00e8me Hydratante Confort Absolu HYDRASKIN"}]},{"@type":"WebSite","@id":"https:\/\/galbydermatech.ma\/#website","url":"https:\/\/galbydermatech.ma\/","name":"Galby Dermatech","description":"La Synergie Dermatech","publisher":{"@id":"https:\/\/galbydermatech.ma\/#organization"},"potentialAction":[{"@type":"SearchAction","target":{"@type":"EntryPoint","urlTemplate":"https:\/\/galbydermatech.ma\/?s={search_term_string}"},"query-input":{"@type":"PropertyValueSpecification","valueRequired":true,"valueName":"search_term_string"}}],"inLanguage":"fr-FR"},{"@type":"Organization","@id":"https:\/\/galbydermatech.ma\/#organization","name":"Galby Dermatech","url":"https:\/\/galbydermatech.ma\/","logo":{"@type":"ImageObject","inLanguage":"fr-FR","@id":"https:\/\/galbydermatech.ma\/#\/schema\/logo\/image\/","url":"https:\/\/galbydermatech.ma\/wp-content\/uploads\/2026\/01\/LOGO-GALBY.svg","contentUrl":"https:\/\/galbydermatech.ma\/wp-content\/uploads\/2026\/01\/LOGO-GALBY.svg","width":155,"height":50,"caption":"Galby Dermatech"},"image":{"@id":"https:\/\/galbydermatech.ma\/#\/schema\/logo\/image\/"},"sameAs":["https:\/\/www.facebook.com\/galbydermatech","https:\/\/instagram.com\/galbydermatech","https:\/\/tiktok.com\/@galbydermatech.ma","https:\/\/www.youtube.com\/@galbydermatech"]}]}},"_links":{"self":[{"href":"https:\/\/galbydermatech.ma\/index.php?rest_route=\/wp\/v2\/product\/706","targetHints":{"allow":["GET"]}}],"collection":[{"href":"https:\/\/galbydermatech.ma\/index.php?rest_route=\/wp\/v2\/product"}],"about":[{"href":"https:\/\/galbydermatech.ma\/index.php?rest_route=\/wp\/v2\/types\/product"}],"replies":[{"embeddable":true,"href":"https:\/\/galbydermatech.ma\/index.php?rest_route=%2Fwp%2Fv2%2Fcomments&post=706"}],"wp:featuredmedia":[{"embeddable":true,"href":"https:\/\/galbydermatech.ma\/index.php?rest_route=\/wp\/v2\/media\/2033"}],"wp:attachment":[{"href":"https:\/\/galbydermatech.ma\/index.php?rest_route=%2Fwp%2Fv2%2Fmedia&parent=706"}],"wp:term":[{"taxonomy":"product_brand","embeddable":true,"href":"https:\/\/galbydermatech.ma\/index.php?rest_route=%2Fwp%2Fv2%2Fproduct_brand&post=706"},{"taxonomy":"product_cat","embeddable":true,"href":"https:\/\/galbydermatech.ma\/index.php?rest_route=%2Fwp%2Fv2%2Fproduct_cat&post=706"},{"taxonomy":"product_tag","embeddable":true,"href":"https:\/\/galbydermatech.ma\/index.php?rest_route=%2Fwp%2Fv2%2Fproduct_tag&post=706"},{"taxonomy":"product_brands","embeddable":true,"href":"https:\/\/galbydermatech.ma\/index.php?rest_route=%2Fwp%2Fv2%2Fproduct_brands&post=706"}],"curies":[{"name":"wp","href":"https:\/\/api.w.org\/{rel}","templated":true}]}}